{"id":916,"date":"2023-06-08T16:51:27","date_gmt":"2023-06-08T16:51:27","guid":{"rendered":"https:\/\/mensajerojrg.com\/serveis-especials\/"},"modified":"2024-03-04T11:14:30","modified_gmt":"2024-03-04T11:14:30","slug":"serveis-especials","status":"publish","type":"page","link":"https:\/\/mensajerojrg.com\/ca\/serveis-especials\/","title":{"rendered":"Serveis Especials"},"content":{"rendered":"\t\t<div data-elementor-type=\"wp-page\" data-elementor-id=\"916\" class=\"elementor elementor-916\">\n\t\t\t\t\t\t\t\t\t<section class=\"elementor-section elementor-top-section elementor-element elementor-element-1b0a5d33 elementor-section-boxed elementor-section-height-default elementor-section-height-default\" data-id=\"1b0a5d33\" data-element_type=\"section\" data-settings=\"{&quot;background_background&quot;:&quot;classic&quot;}\">\n\t\t\t\t\t\t\t<div class=\"elementor-background-overlay\"><\/div>\n\t\t\t\t\t\t\t<div class=\"elementor-container elementor-column-gap-default\">\n\t\t\t\t\t<div class=\"elementor-column elementor-col-100 elementor-top-column elementor-element elementor-element-1f841ba\" data-id=\"1f841ba\" data-element_type=\"column\">\n\t\t\t<div class=\"elementor-widget-wrap elementor-element-populated\">\n\t\t\t\t\t\t\t\t<div class=\"elementor-element elementor-element-365ba0bd elementor-widget elementor-widget-heading\" data-id=\"365ba0bd\" data-element_type=\"widget\" data-widget_type=\"heading.default\">\n\t\t\t\t<div class=\"elementor-widget-container\">\n\t\t\t<style>\/*! elementor - v3.13.3 - 22-05-2023 *\/\n.elementor-heading-title{padding:0;margin:0;line-height:1}.elementor-widget-heading .elementor-heading-title[class*=elementor-size-]>a{color:inherit;font-size:inherit;line-height:inherit}.elementor-widget-heading .elementor-heading-title.elementor-size-small{font-size:15px}.elementor-widget-heading .elementor-heading-title.elementor-size-medium{font-size:19px}.elementor-widget-heading .elementor-heading-title.elementor-size-large{font-size:29px}.elementor-widget-heading .elementor-heading-title.elementor-size-xl{font-size:39px}.elementor-widget-heading .elementor-heading-title.elementor-size-xxl{font-size:59px}<\/style><h1 class=\"elementor-heading-title elementor-size-default\">Serveis especials<\/h1>\t\t<\/div>\n\t\t\t\t<\/div>\n\t\t\t\t\t<\/div>\n\t\t<\/div>\n\t\t\t\t\t\t\t<\/div>\n\t\t<\/section>\n\t\t\t\t<section class=\"elementor-section elementor-top-section elementor-element elementor-element-f3a8b4a elementor-section-boxed elementor-section-height-default elementor-section-height-default\" data-id=\"f3a8b4a\" data-element_type=\"section\">\n\t\t\t\t\t\t<div class=\"elementor-container elementor-column-gap-default\">\n\t\t\t\t\t<div class=\"elementor-column elementor-col-100 elementor-top-column elementor-element elementor-element-9f3a26e\" data-id=\"9f3a26e\" data-element_type=\"column\">\n\t\t\t<div class=\"elementor-widget-wrap elementor-element-populated\">\n\t\t\t\t\t\t\t\t<div class=\"elementor-element elementor-element-07b8a4d elementor-widget elementor-widget-heading\" data-id=\"07b8a4d\" data-element_type=\"widget\" data-widget_type=\"heading.default\">\n\t\t\t\t<div class=\"elementor-widget-container\">\n\t\t\t<h2 class=\"elementor-heading-title elementor-size-default\">Servei de lliurament i recollida en qualsevol part del m\u00f3n per a enviaments que requereixin vehicles o tr\u00e0nsits especials.\n<\/h2>\t\t<\/div>\n\t\t\t\t<\/div>\n\t\t\t\t\t<\/div>\n\t\t<\/div>\n\t\t\t\t\t\t\t<\/div>\n\t\t<\/section>\n\t\t\t\t<section class=\"elementor-section elementor-top-section elementor-element elementor-element-ffad143 elementor-reverse-mobile elementor-section-boxed elementor-section-height-default elementor-section-height-default\" data-id=\"ffad143\" data-element_type=\"section\">\n\t\t\t\t\t\t<div class=\"elementor-container elementor-column-gap-no\">\n\t\t\t\t\t<div class=\"elementor-column elementor-col-50 elementor-top-column elementor-element elementor-element-a594a4b\" data-id=\"a594a4b\" data-element_type=\"column\">\n\t\t\t<div class=\"elementor-widget-wrap elementor-element-populated\">\n\t\t\t\t\t\t\t\t<div class=\"elementor-element elementor-element-cd48ff2 elementor-widget elementor-widget-heading\" data-id=\"cd48ff2\" data-element_type=\"widget\" data-widget_type=\"heading.default\">\n\t\t\t\t<div class=\"elementor-widget-container\">\n\t\t\t<h2 class=\"elementor-heading-title elementor-size-default\">Serveis Directes\n<\/h2>\t\t<\/div>\n\t\t\t\t<\/div>\n\t\t\t\t<div class=\"elementor-element elementor-element-9f7f51e elementor-widget elementor-widget-text-editor\" data-id=\"9f7f51e\" data-element_type=\"widget\" data-widget_type=\"text-editor.default\">\n\t\t\t\t<div class=\"elementor-widget-container\">\n\t\t\t<style>\/*! elementor - v3.13.3 - 22-05-2023 *\/\n.elementor-widget-text-editor.elementor-drop-cap-view-stacked .elementor-drop-cap{background-color:#69727d;color:#fff}.elementor-widget-text-editor.elementor-drop-cap-view-framed .elementor-drop-cap{color:#69727d;border:3px solid;background-color:transparent}.elementor-widget-text-editor:not(.elementor-drop-cap-view-default) .elementor-drop-cap{margin-top:8px}.elementor-widget-text-editor:not(.elementor-drop-cap-view-default) .elementor-drop-cap-letter{width:1em;height:1em}.elementor-widget-text-editor .elementor-drop-cap{float:left;text-align:center;line-height:1;font-size:50px}.elementor-widget-text-editor .elementor-drop-cap-letter{display:inline-block}<\/style>\t\t\t\t<ul>\n \t<li style=\"font-variant: inherit; font-stretch: inherit; font-size: inherit; line-height: 1.5em; font-family: inherit; font-optical-sizing: inherit; font-kerning: inherit; font-feature-settings: inherit; font-variation-settings: inherit;\">Transport urgent porta a porta nacional i internacional<\/li>\n \t<li style=\"font-variant: inherit; font-stretch: inherit; font-size: inherit; line-height: 1.5em; font-family: inherit; font-optical-sizing: inherit; font-kerning: inherit; font-feature-settings: inherit; font-variation-settings: inherit;\">24 hores al dia els 7 dies de la setmana.<\/li>\n<\/ul>\t\t\t\t\t\t<\/div>\n\t\t\t\t<\/div>\n\t\t\t\t<div class=\"elementor-element elementor-element-a545bb4 elementor-tablet-align-center elementor-widget elementor-widget-button\" data-id=\"a545bb4\" data-element_type=\"widget\" data-widget_type=\"button.default\">\n\t\t\t\t<div class=\"elementor-widget-container\">\n\t\t\t\t\t<div class=\"elementor-button-wrapper\">\n\t\t\t<a href=\"\/cat\/contacte\" class=\"elementor-button-link elementor-button elementor-size-sm\" role=\"button\">\n\t\t\t\t\t\t<span class=\"elementor-button-content-wrapper\">\n\t\t\t\t\t\t<span class=\"elementor-button-text\">Contacta per a m\u00e9s informaci\u00f3<\/span>\n\t\t<\/span>\n\t\t\t\t\t<\/a>\n\t\t<\/div>\n\t\t\t\t<\/div>\n\t\t\t\t<\/div>\n\t\t\t\t\t<\/div>\n\t\t<\/div>\n\t\t\t\t<div class=\"elementor-column elementor-col-50 elementor-top-column elementor-element elementor-element-180625b elementor-hidden-tablet elementor-hidden-mobile\" data-id=\"180625b\" data-element_type=\"column\">\n\t\t\t<div class=\"elementor-widget-wrap elementor-element-populated\">\n\t\t\t\t\t\t\t\t<div class=\"elementor-element elementor-element-8dd5af9 elementor-widget elementor-widget-image\" data-id=\"8dd5af9\" data-element_type=\"widget\" data-widget_type=\"image.default\">\n\t\t\t\t<div class=\"elementor-widget-container\">\n\t\t\t<style>\/*! elementor - v3.13.3 - 22-05-2023 *\/\n.elementor-widget-image{text-align:center}.elementor-widget-image a{display:inline-block}.elementor-widget-image a img[src$=\".svg\"]{width:48px}.elementor-widget-image img{vertical-align:middle;display:inline-block}<\/style>\t\t\t\t\t\t\t\t\t\t\t\t<img loading=\"lazy\" decoding=\"async\" width=\"600\" height=\"750\" src=\"https:\/\/mensajerojrg.com\/wp-content\/uploads\/2023\/06\/pexels-photo-5410923.jpeg\" class=\"attachment-large size-large wp-image-568\" alt=\"\" srcset=\"https:\/\/mensajerojrg.com\/wp-content\/uploads\/2023\/06\/pexels-photo-5410923.jpeg 600w, https:\/\/mensajerojrg.com\/wp-content\/uploads\/2023\/06\/pexels-photo-5410923-240x300.jpeg 240w\" sizes=\"auto, (max-width: 600px) 100vw, 600px\" \/>\t\t\t\t\t\t\t\t\t\t\t\t\t\t\t<\/div>\n\t\t\t\t<\/div>\n\t\t\t\t\t<\/div>\n\t\t<\/div>\n\t\t\t\t\t\t\t<\/div>\n\t\t<\/section>\n\t\t\t\t<section class=\"elementor-section elementor-top-section elementor-element elementor-element-0e0729f elementor-reverse-mobile elementor-section-boxed elementor-section-height-default elementor-section-height-default\" data-id=\"0e0729f\" data-element_type=\"section\">\n\t\t\t\t\t\t<div class=\"elementor-container elementor-column-gap-no\">\n\t\t\t\t\t<div class=\"elementor-column elementor-col-50 elementor-top-column elementor-element elementor-element-527d702 elementor-hidden-tablet elementor-hidden-mobile\" data-id=\"527d702\" data-element_type=\"column\">\n\t\t\t<div class=\"elementor-widget-wrap elementor-element-populated\">\n\t\t\t\t\t\t\t\t<div class=\"elementor-element elementor-element-4c2eaa2 elementor-widget elementor-widget-image\" data-id=\"4c2eaa2\" data-element_type=\"widget\" data-widget_type=\"image.default\">\n\t\t\t\t<div class=\"elementor-widget-container\">\n\t\t\t\t\t\t\t\t\t\t\t\t\t\t\t<img loading=\"lazy\" decoding=\"async\" width=\"600\" height=\"380\" src=\"https:\/\/mensajerojrg.com\/wp-content\/uploads\/2023\/06\/5-1-600x380-1.jpg\" class=\"attachment-large size-large wp-image-560\" alt=\"\" srcset=\"https:\/\/mensajerojrg.com\/wp-content\/uploads\/2023\/06\/5-1-600x380-1.jpg 600w, https:\/\/mensajerojrg.com\/wp-content\/uploads\/2023\/06\/5-1-600x380-1-300x190.jpg 300w\" sizes=\"auto, (max-width: 600px) 100vw, 600px\" \/>\t\t\t\t\t\t\t\t\t\t\t\t\t\t\t<\/div>\n\t\t\t\t<\/div>\n\t\t\t\t\t<\/div>\n\t\t<\/div>\n\t\t\t\t<div class=\"elementor-column elementor-col-50 elementor-top-column elementor-element elementor-element-85ebdf3\" data-id=\"85ebdf3\" data-element_type=\"column\">\n\t\t\t<div class=\"elementor-widget-wrap elementor-element-populated\">\n\t\t\t\t\t\t\t\t<div class=\"elementor-element elementor-element-be6e08e elementor-widget elementor-widget-heading\" data-id=\"be6e08e\" data-element_type=\"widget\" data-widget_type=\"heading.default\">\n\t\t\t\t<div class=\"elementor-widget-container\">\n\t\t\t<h2 class=\"elementor-heading-title elementor-size-default\">Servei de C\u00e0rregues<\/h2>\t\t<\/div>\n\t\t\t\t<\/div>\n\t\t\t\t<div class=\"elementor-element elementor-element-9e77954 elementor-widget elementor-widget-text-editor\" data-id=\"9e77954\" data-element_type=\"widget\" data-widget_type=\"text-editor.default\">\n\t\t\t\t<div class=\"elementor-widget-container\">\n\t\t\t\t\t\t\t<ul>\n \t<li style=\"font-variant: inherit; font-stretch: inherit; font-size: inherit; line-height: 1.5em; font-family: inherit; font-optical-sizing: inherit; font-kerning: inherit; font-feature-settings: inherit; font-variation-settings: inherit;\">Servei de lliurament i recollida amb exc\u00e9s de mesures i\/o pesos.<\/li>\n \t<li style=\"font-variant: inherit; font-stretch: inherit; font-size: inherit; line-height: 1.5em; font-family: inherit; font-optical-sizing: inherit; font-kerning: inherit; font-feature-settings: inherit; font-variation-settings: inherit;\">Servei porta a porta per a grans c\u00e0rregues.<\/li>\n \t<li style=\"font-variant: inherit; font-stretch: inherit; font-size: inherit; line-height: 1.5em; font-family: inherit; font-optical-sizing: inherit; font-kerning: inherit; font-feature-settings: inherit; font-variation-settings: inherit;\">Servei especial en qualsevol part del m\u00f3n.<\/li>\n<\/ul>\t\t\t\t\t\t<\/div>\n\t\t\t\t<\/div>\n\t\t\t\t<div class=\"elementor-element elementor-element-b2e68c2 elementor-tablet-align-center elementor-widget elementor-widget-button\" data-id=\"b2e68c2\" data-element_type=\"widget\" data-widget_type=\"button.default\">\n\t\t\t\t<div class=\"elementor-widget-container\">\n\t\t\t\t\t<div class=\"elementor-button-wrapper\">\n\t\t\t<a href=\"\/cat\/contacte\" class=\"elementor-button-link elementor-button elementor-size-sm\" role=\"button\">\n\t\t\t\t\t\t<span class=\"elementor-button-content-wrapper\">\n\t\t\t\t\t\t<span class=\"elementor-button-text\">Contacta per a m\u00e9s informaci\u00f3<\/span>\n\t\t<\/span>\n\t\t\t\t\t<\/a>\n\t\t<\/div>\n\t\t\t\t<\/div>\n\t\t\t\t<\/div>\n\t\t\t\t\t<\/div>\n\t\t<\/div>\n\t\t\t\t\t\t\t<\/div>\n\t\t<\/section>\n\t\t\t\t<section class=\"elementor-section elementor-top-section elementor-element elementor-element-7cddfe0 elementor-reverse-mobile elementor-section-boxed elementor-section-height-default elementor-section-height-default\" data-id=\"7cddfe0\" data-element_type=\"section\">\n\t\t\t\t\t\t<div class=\"elementor-container elementor-column-gap-no\">\n\t\t\t\t\t<div class=\"elementor-column elementor-col-50 elementor-top-column elementor-element elementor-element-109858f\" data-id=\"109858f\" data-element_type=\"column\">\n\t\t\t<div class=\"elementor-widget-wrap elementor-element-populated\">\n\t\t\t\t\t\t\t\t<div class=\"elementor-element elementor-element-7abd662 elementor-widget elementor-widget-heading\" data-id=\"7abd662\" data-element_type=\"widget\" data-widget_type=\"heading.default\">\n\t\t\t\t<div class=\"elementor-widget-container\">\n\t\t\t<h2 class=\"elementor-heading-title elementor-size-default\">Serveis Grupals<\/h2>\t\t<\/div>\n\t\t\t\t<\/div>\n\t\t\t\t<div class=\"elementor-element elementor-element-11ca66f elementor-widget elementor-widget-text-editor\" data-id=\"11ca66f\" data-element_type=\"widget\" data-widget_type=\"text-editor.default\">\n\t\t\t\t<div class=\"elementor-widget-container\">\n\t\t\t\t\t\t\t<ul>\n \t<li style=\"font-variant: inherit; font-stretch: inherit; font-size: inherit; line-height: 1.5em; font-family: inherit; font-optical-sizing: inherit; font-kerning: inherit; font-feature-settings: inherit; font-variation-settings: inherit; margin-bottom: 6px;\">Servei de recollida en qualsevol part del m\u00f3n.<\/li>\n \t<li style=\"font-variant: inherit; font-stretch: inherit; font-size: inherit; line-height: 1.5em; font-family: inherit; font-optical-sizing: inherit; font-kerning: inherit; font-feature-settings: inherit; font-variation-settings: inherit; margin-bottom: 6px;\">Possibilitat de posterior distribuci\u00f3 nacional.<\/li>\n \t<li style=\"font-variant: inherit; font-stretch: inherit; font-size: inherit; line-height: 1.5em; font-family: inherit; font-optical-sizing: inherit; font-kerning: inherit; font-feature-settings: inherit; font-variation-settings: inherit; margin-bottom: 6px;\">Enviaments econ\u00f2mics per a mesures especials a tota la pen\u00ednsula.<\/li>\n \t<li style=\"font-variant: inherit; font-stretch: inherit; font-size: inherit; line-height: 1.5em; font-family: inherit; font-optical-sizing: inherit; font-kerning: inherit; font-feature-settings: inherit; font-variation-settings: inherit; margin-bottom: 6px;\">Millors tarifes amb tr\u00e0nsits m\u00e9s dilatats.<\/li>\n \t<li style=\"font-variant: inherit; font-stretch: inherit; font-size: inherit; line-height: 1.5em; font-family: inherit; font-optical-sizing: inherit; font-kerning: inherit; font-feature-settings: inherit; font-variation-settings: inherit;\">Servei fiable i personalitzat.<\/li>\n<\/ul>\t\t\t\t\t\t<\/div>\n\t\t\t\t<\/div>\n\t\t\t\t<div class=\"elementor-element elementor-element-dc59c12 elementor-tablet-align-center elementor-widget elementor-widget-button\" data-id=\"dc59c12\" data-element_type=\"widget\" data-widget_type=\"button.default\">\n\t\t\t\t<div class=\"elementor-widget-container\">\n\t\t\t\t\t<div class=\"elementor-button-wrapper\">\n\t\t\t<a href=\"\/cat\/contacte\" class=\"elementor-button-link elementor-button elementor-size-sm\" role=\"button\">\n\t\t\t\t\t\t<span class=\"elementor-button-content-wrapper\">\n\t\t\t\t\t\t<span class=\"elementor-button-text\">Contacta per a m\u00e9s informaci\u00f3<\/span>\n\t\t<\/span>\n\t\t\t\t\t<\/a>\n\t\t<\/div>\n\t\t\t\t<\/div>\n\t\t\t\t<\/div>\n\t\t\t\t\t<\/div>\n\t\t<\/div>\n\t\t\t\t<div class=\"elementor-column elementor-col-50 elementor-top-column elementor-element elementor-element-edd9ea3 elementor-hidden-tablet elementor-hidden-mobile\" data-id=\"edd9ea3\" data-element_type=\"column\">\n\t\t\t<div class=\"elementor-widget-wrap elementor-element-populated\">\n\t\t\t\t\t\t\t\t<div class=\"elementor-element elementor-element-e3deb1d elementor-widget elementor-widget-image\" data-id=\"e3deb1d\" data-element_type=\"widget\" data-widget_type=\"image.default\">\n\t\t\t\t<div class=\"elementor-widget-container\">\n\t\t\t\t\t\t\t\t\t\t\t\t\t\t\t<img loading=\"lazy\" decoding=\"async\" width=\"1024\" height=\"683\" src=\"https:\/\/mensajerojrg.com\/wp-content\/uploads\/2023\/06\/pexels-sascha-hormel-1095814-1024x683.jpg\" class=\"attachment-large size-large wp-image-300\" alt=\"\" srcset=\"https:\/\/mensajerojrg.com\/wp-content\/uploads\/2023\/06\/pexels-sascha-hormel-1095814-1024x683.jpg 1024w, https:\/\/mensajerojrg.com\/wp-content\/uploads\/2023\/06\/pexels-sascha-hormel-1095814-300x200.jpg 300w, https:\/\/mensajerojrg.com\/wp-content\/uploads\/2023\/06\/pexels-sascha-hormel-1095814-768x512.jpg 768w, https:\/\/mensajerojrg.com\/wp-content\/uploads\/2023\/06\/pexels-sascha-hormel-1095814-1536x1024.jpg 1536w, https:\/\/mensajerojrg.com\/wp-content\/uploads\/2023\/06\/pexels-sascha-hormel-1095814-2048x1365.jpg 2048w\" sizes=\"auto, (max-width: 1024px) 100vw, 1024px\" \/>\t\t\t\t\t\t\t\t\t\t\t\t\t\t\t<\/div>\n\t\t\t\t<\/div>\n\t\t\t\t\t<\/div>\n\t\t<\/div>\n\t\t\t\t\t\t\t<\/div>\n\t\t<\/section>\n\t\t\t\t\t\t\t<\/div>\n\t\t","protected":false},"excerpt":{"rendered":"<p>Serveis especials Servei de lliurament i recollida en qualsevol part del m\u00f3n per a enviaments que requereixin vehicles o tr\u00e0nsits especials. Serveis Directes Transport urgent porta a porta nacional i internacional 24 hores al dia els 7 dies de la setmana. Contacta per a m\u00e9s informaci\u00f3 Servei de C\u00e0rregues Servei de lliurament i recollida amb &hellip;<\/p>\n<p class=\"read-more\"> <a class=\"\" href=\"https:\/\/mensajerojrg.com\/ca\/serveis-especials\/\"> <span class=\"screen-reader-text\">Serveis Especials<\/span> Llegeix m\u00e9s &raquo;<\/a><\/p>\n","protected":false},"author":1,"featured_media":0,"parent":0,"menu_order":0,"comment_status":"closed","ping_status":"closed","template":"","meta":{"site-sidebar-layout":"no-sidebar","site-content-layout":"page-builder","ast-global-header-display":"","ast-banner-title-visibility":"","ast-main-header-display":"","ast-hfb-above-header-display":"","ast-hfb-below-header-display":"","ast-hfb-mobile-header-display":"","site-post-title":"disabled","ast-breadcrumbs-content":"","ast-featured-img":"","footer-sml-layout":"","theme-transparent-header-meta":"enabled","adv-header-id-meta":"","stick-header-meta":"","header-above-stick-meta":"","header-main-stick-meta":"","header-below-stick-meta":"","footnotes":""},"class_list":["post-916","page","type-page","status-publish","hentry"],"yoast_head":"<!-- This site is optimized with the Yoast SEO plugin v20.8 - https:\/\/yoast.com\/wordpress\/plugins\/seo\/ -->\n<title>Serveis Especials - Distribuci\u00f3n y Env\u00edos JRG<\/title>\n<meta name=\"robots\" content=\"index, follow, max-snippet:-1, max-image-preview:large, max-video-preview:-1\" \/>\n<link rel=\"canonical\" href=\"https:\/\/mensajerojrg.com\/ca\/serveis-especials\/\" \/>\n<meta property=\"og:locale\" content=\"ca_ES\" \/>\n<meta property=\"og:type\" content=\"article\" \/>\n<meta property=\"og:title\" content=\"Serveis Especials - Distribuci\u00f3n y Env\u00edos JRG\" \/>\n<meta property=\"og:description\" content=\"Serveis especials Servei de lliurament i recollida en qualsevol part del m\u00f3n per a enviaments que requereixin vehicles o tr\u00e0nsits especials. Serveis Directes Transport urgent porta a porta nacional i internacional 24 hores al dia els 7 dies de la setmana. Contacta per a m\u00e9s informaci\u00f3 Servei de C\u00e0rregues Servei de lliurament i recollida amb &hellip; Serveis Especials Llegeix m\u00e9s &raquo;\" \/>\n<meta property=\"og:url\" content=\"https:\/\/mensajerojrg.com\/ca\/serveis-especials\/\" \/>\n<meta property=\"og:site_name\" content=\"Distribuci\u00f3n y Env\u00edos JRG\" \/>\n<meta property=\"article:modified_time\" content=\"2024-03-04T11:14:30+00:00\" \/>\n<meta property=\"og:image\" content=\"https:\/\/mensajerojrg.com\/wp-content\/uploads\/2023\/06\/pexels-photo-5410923.jpeg\" \/>\n<meta name=\"twitter:card\" content=\"summary_large_image\" \/>\n<meta name=\"twitter:label1\" content=\"Temps estimat de lectura\" \/>\n\t<meta name=\"twitter:data1\" content=\"1 minut\" \/>\n<script type=\"application\/ld+json\" class=\"yoast-schema-graph\">{\"@context\":\"https:\/\/schema.org\",\"@graph\":[{\"@type\":\"WebPage\",\"@id\":\"https:\/\/mensajerojrg.com\/ca\/serveis-especials\/\",\"url\":\"https:\/\/mensajerojrg.com\/ca\/serveis-especials\/\",\"name\":\"Serveis Especials - Distribuci\u00f3n y Env\u00edos JRG\",\"isPartOf\":{\"@id\":\"https:\/\/mensajerojrg.com\/#website\"},\"datePublished\":\"2023-06-08T16:51:27+00:00\",\"dateModified\":\"2024-03-04T11:14:30+00:00\",\"breadcrumb\":{\"@id\":\"https:\/\/mensajerojrg.com\/ca\/serveis-especials\/#breadcrumb\"},\"inLanguage\":\"ca\",\"potentialAction\":[{\"@type\":\"ReadAction\",\"target\":[\"https:\/\/mensajerojrg.com\/ca\/serveis-especials\/\"]}]},{\"@type\":\"BreadcrumbList\",\"@id\":\"https:\/\/mensajerojrg.com\/ca\/serveis-especials\/#breadcrumb\",\"itemListElement\":[{\"@type\":\"ListItem\",\"position\":1,\"name\":\"Portada\",\"item\":\"https:\/\/mensajerojrg.com\/ca\/\"},{\"@type\":\"ListItem\",\"position\":2,\"name\":\"Serveis Especials\"}]},{\"@type\":\"WebSite\",\"@id\":\"https:\/\/mensajerojrg.com\/#website\",\"url\":\"https:\/\/mensajerojrg.com\/\",\"name\":\"Distribuci\u00f3n y Env\u00edos JRG\",\"description\":\"\",\"publisher\":{\"@id\":\"https:\/\/mensajerojrg.com\/#organization\"},\"potentialAction\":[{\"@type\":\"SearchAction\",\"target\":{\"@type\":\"EntryPoint\",\"urlTemplate\":\"https:\/\/mensajerojrg.com\/?s={search_term_string}\"},\"query-input\":\"required name=search_term_string\"}],\"inLanguage\":\"ca\"},{\"@type\":\"Organization\",\"@id\":\"https:\/\/mensajerojrg.com\/#organization\",\"name\":\"Distribuci\u00f3n y Env\u00edos JRG\",\"url\":\"https:\/\/mensajerojrg.com\/\",\"logo\":{\"@type\":\"ImageObject\",\"inLanguage\":\"ca\",\"@id\":\"https:\/\/mensajerojrg.com\/#\/schema\/logo\/image\/\",\"url\":\"https:\/\/mensajerojrg.com\/wp-content\/uploads\/2020\/04\/JRG-logo.png\",\"contentUrl\":\"https:\/\/mensajerojrg.com\/wp-content\/uploads\/2020\/04\/JRG-logo.png\",\"width\":7613,\"height\":3120,\"caption\":\"Distribuci\u00f3n y Env\u00edos JRG\"},\"image\":{\"@id\":\"https:\/\/mensajerojrg.com\/#\/schema\/logo\/image\/\"}}]}<\/script>\n<!-- \/ Yoast SEO plugin. -->","yoast_head_json":{"title":"Serveis Especials - Distribuci\u00f3n y Env\u00edos JRG","robots":{"index":"index","follow":"follow","max-snippet":"max-snippet:-1","max-image-preview":"max-image-preview:large","max-video-preview":"max-video-preview:-1"},"canonical":"https:\/\/mensajerojrg.com\/ca\/serveis-especials\/","og_locale":"ca_ES","og_type":"article","og_title":"Serveis Especials - Distribuci\u00f3n y Env\u00edos JRG","og_description":"Serveis especials Servei de lliurament i recollida en qualsevol part del m\u00f3n per a enviaments que requereixin vehicles o tr\u00e0nsits especials. Serveis Directes Transport urgent porta a porta nacional i internacional 24 hores al dia els 7 dies de la setmana. Contacta per a m\u00e9s informaci\u00f3 Servei de C\u00e0rregues Servei de lliurament i recollida amb &hellip; Serveis Especials Llegeix m\u00e9s &raquo;","og_url":"https:\/\/mensajerojrg.com\/ca\/serveis-especials\/","og_site_name":"Distribuci\u00f3n y Env\u00edos JRG","article_modified_time":"2024-03-04T11:14:30+00:00","og_image":[{"url":"https:\/\/mensajerojrg.com\/wp-content\/uploads\/2023\/06\/pexels-photo-5410923.jpeg"}],"twitter_card":"summary_large_image","twitter_misc":{"Temps estimat de lectura":"1 minut"},"schema":{"@context":"https:\/\/schema.org","@graph":[{"@type":"WebPage","@id":"https:\/\/mensajerojrg.com\/ca\/serveis-especials\/","url":"https:\/\/mensajerojrg.com\/ca\/serveis-especials\/","name":"Serveis Especials - Distribuci\u00f3n y Env\u00edos JRG","isPartOf":{"@id":"https:\/\/mensajerojrg.com\/#website"},"datePublished":"2023-06-08T16:51:27+00:00","dateModified":"2024-03-04T11:14:30+00:00","breadcrumb":{"@id":"https:\/\/mensajerojrg.com\/ca\/serveis-especials\/#breadcrumb"},"inLanguage":"ca","potentialAction":[{"@type":"ReadAction","target":["https:\/\/mensajerojrg.com\/ca\/serveis-especials\/"]}]},{"@type":"BreadcrumbList","@id":"https:\/\/mensajerojrg.com\/ca\/serveis-especials\/#breadcrumb","itemListElement":[{"@type":"ListItem","position":1,"name":"Portada","item":"https:\/\/mensajerojrg.com\/ca\/"},{"@type":"ListItem","position":2,"name":"Serveis Especials"}]},{"@type":"WebSite","@id":"https:\/\/mensajerojrg.com\/#website","url":"https:\/\/mensajerojrg.com\/","name":"Distribuci\u00f3n y Env\u00edos JRG","description":"","publisher":{"@id":"https:\/\/mensajerojrg.com\/#organization"},"potentialAction":[{"@type":"SearchAction","target":{"@type":"EntryPoint","urlTemplate":"https:\/\/mensajerojrg.com\/?s={search_term_string}"},"query-input":"required name=search_term_string"}],"inLanguage":"ca"},{"@type":"Organization","@id":"https:\/\/mensajerojrg.com\/#organization","name":"Distribuci\u00f3n y Env\u00edos JRG","url":"https:\/\/mensajerojrg.com\/","logo":{"@type":"ImageObject","inLanguage":"ca","@id":"https:\/\/mensajerojrg.com\/#\/schema\/logo\/image\/","url":"https:\/\/mensajerojrg.com\/wp-content\/uploads\/2020\/04\/JRG-logo.png","contentUrl":"https:\/\/mensajerojrg.com\/wp-content\/uploads\/2020\/04\/JRG-logo.png","width":7613,"height":3120,"caption":"Distribuci\u00f3n y Env\u00edos JRG"},"image":{"@id":"https:\/\/mensajerojrg.com\/#\/schema\/logo\/image\/"}}]}},"_links":{"self":[{"href":"https:\/\/mensajerojrg.com\/ca\/wp-json\/wp\/v2\/pages\/916","targetHints":{"allow":["GET"]}}],"collection":[{"href":"https:\/\/mensajerojrg.com\/ca\/wp-json\/wp\/v2\/pages"}],"about":[{"href":"https:\/\/mensajerojrg.com\/ca\/wp-json\/wp\/v2\/types\/page"}],"author":[{"embeddable":true,"href":"https:\/\/mensajerojrg.com\/ca\/wp-json\/wp\/v2\/users\/1"}],"replies":[{"embeddable":true,"href":"https:\/\/mensajerojrg.com\/ca\/wp-json\/wp\/v2\/comments?post=916"}],"version-history":[{"count":7,"href":"https:\/\/mensajerojrg.com\/ca\/wp-json\/wp\/v2\/pages\/916\/revisions"}],"predecessor-version":[{"id":1031,"href":"https:\/\/mensajerojrg.com\/ca\/wp-json\/wp\/v2\/pages\/916\/revisions\/1031"}],"wp:attachment":[{"href":"https:\/\/mensajerojrg.com\/ca\/wp-json\/wp\/v2\/media?parent=916"}],"curies":[{"name":"wp","href":"https:\/\/api.w.org\/{rel}","templated":true}]}}