{"id":893,"date":"2023-06-13T09:25:59","date_gmt":"2023-06-13T09:25:59","guid":{"rendered":"https:\/\/mensajerojrg.com\/accessibilitat\/"},"modified":"2023-08-17T09:03:43","modified_gmt":"2023-08-17T09:03:43","slug":"accessibilitat","status":"publish","type":"page","link":"https:\/\/mensajerojrg.com\/ca\/accessibilitat\/","title":{"rendered":"Accessibilitat"},"content":{"rendered":"\t\t<div data-elementor-type=\"wp-page\" data-elementor-id=\"893\" class=\"elementor elementor-893\">\n\t\t\t\t\t\t\t\t\t<section class=\"elementor-section elementor-top-section elementor-element elementor-element-1b0a5d33 elementor-section-boxed elementor-section-height-default elementor-section-height-default\" data-id=\"1b0a5d33\" data-element_type=\"section\" data-settings=\"{&quot;background_background&quot;:&quot;classic&quot;}\">\n\t\t\t\t\t\t\t<div class=\"elementor-background-overlay\"><\/div>\n\t\t\t\t\t\t\t<div class=\"elementor-container elementor-column-gap-default\">\n\t\t\t\t\t<div class=\"elementor-column elementor-col-100 elementor-top-column elementor-element elementor-element-1f841ba\" data-id=\"1f841ba\" data-element_type=\"column\">\n\t\t\t<div class=\"elementor-widget-wrap elementor-element-populated\">\n\t\t\t\t\t\t\t\t<div class=\"elementor-element elementor-element-365ba0bd elementor-widget elementor-widget-heading\" data-id=\"365ba0bd\" data-element_type=\"widget\" data-widget_type=\"heading.default\">\n\t\t\t\t<div class=\"elementor-widget-container\">\n\t\t\t<style>\/*! elementor - v3.13.3 - 22-05-2023 *\/\n.elementor-heading-title{padding:0;margin:0;line-height:1}.elementor-widget-heading .elementor-heading-title[class*=elementor-size-]>a{color:inherit;font-size:inherit;line-height:inherit}.elementor-widget-heading .elementor-heading-title.elementor-size-small{font-size:15px}.elementor-widget-heading .elementor-heading-title.elementor-size-medium{font-size:19px}.elementor-widget-heading .elementor-heading-title.elementor-size-large{font-size:29px}.elementor-widget-heading .elementor-heading-title.elementor-size-xl{font-size:39px}.elementor-widget-heading .elementor-heading-title.elementor-size-xxl{font-size:59px}<\/style><h1 class=\"elementor-heading-title elementor-size-default\">Accesibilidad<\/h1>\t\t<\/div>\n\t\t\t\t<\/div>\n\t\t\t\t\t<\/div>\n\t\t<\/div>\n\t\t\t\t\t\t\t<\/div>\n\t\t<\/section>\n\t\t\t\t<section class=\"elementor-section elementor-top-section elementor-element elementor-element-3eb5f3f elementor-section-boxed elementor-section-height-default elementor-section-height-default\" data-id=\"3eb5f3f\" data-element_type=\"section\">\n\t\t\t\t\t\t<div class=\"elementor-container elementor-column-gap-default\">\n\t\t\t\t\t<div class=\"elementor-column elementor-col-100 elementor-top-column elementor-element elementor-element-8543f77\" data-id=\"8543f77\" data-element_type=\"column\">\n\t\t\t<div class=\"elementor-widget-wrap elementor-element-populated\">\n\t\t\t\t\t\t\t\t<div class=\"elementor-element elementor-element-dc3fd3b elementor-widget elementor-widget-text-editor\" data-id=\"dc3fd3b\" data-element_type=\"widget\" data-widget_type=\"text-editor.default\">\n\t\t\t\t<div class=\"elementor-widget-container\">\n\t\t\t<style>\/*! elementor - v3.13.3 - 22-05-2023 *\/\n.elementor-widget-text-editor.elementor-drop-cap-view-stacked .elementor-drop-cap{background-color:#69727d;color:#fff}.elementor-widget-text-editor.elementor-drop-cap-view-framed .elementor-drop-cap{color:#69727d;border:3px solid;background-color:transparent}.elementor-widget-text-editor:not(.elementor-drop-cap-view-default) .elementor-drop-cap{margin-top:8px}.elementor-widget-text-editor:not(.elementor-drop-cap-view-default) .elementor-drop-cap-letter{width:1em;height:1em}.elementor-widget-text-editor .elementor-drop-cap{float:left;text-align:center;line-height:1;font-size:50px}.elementor-widget-text-editor .elementor-drop-cap-letter{display:inline-block}<\/style>\t\t\t\t<p>La presente declaraci\u00f3n de accesibilidad se aplica al sitio web <strong>mensajerojrg.com<\/strong>:<\/p>\n<p><strong>SITUACI\u00d3N DE CUMPLIMIENTO<\/strong><\/p>\n<p>Este sitio web es parcialmente conforme con el RD 1112\/2018&nbsp;debido a las excepciones y a la falta de conformidad de los aspectos que se indican en el siguiente punto.<\/p>\n<p><strong>CONTENIDO NO ACCESIBLE<\/strong><\/p>\n<p>El contenido que se recoge a continuaci\u00f3n no es accesible por lo siguiente:<\/p>\n<ul>\n<li>Falta de conformidad con el RD 1112\/2018<\/li>\n<li>Podr\u00edan existir algunos aspectos de contraste que no cumplan los m\u00ednimos exigidos, 3:1, con respecto a los colores adyacentes del fondo de<br>la secci\u00f3n de la web en cuesti\u00f3n. [9.1.4.11 Contraste no textual]<\/li>\n<li>Podr\u00edan existir algunos elementos no textuales no etiquetados correctamente [2.5.3 Etiqueta en el nombre] y [4.1.2 Nombre funci\u00f3n<br>y valor]<\/li>\n<li>Los buscadores buscan autom\u00e1ticamente sin necesidad de ordenar ninguna acci\u00f3n por parte del usuario [3.2.2 Al recibir entradas]<\/li>\n<li>Podr\u00edan existir algunos textos en otro idioma no etiquetados correctamente [3.1.2 Idioma de las partes]<\/li>\n<li>Podr\u00edan existir errores de c\u00f3digo puntuales de edici\u00f3n en alguna p\u00e1gina web. [4.1.1 Procesamiento]<\/li>\n<li>Carga desproporcionada &#8211;&nbsp;<span style=\"font-style: inherit; font-weight: inherit; color: var(--ast-global-color-3);\">No aplica.<\/span><\/li>\n<li>El contenido no entra dentro del \u00e1mbito de la legislaci\u00f3n aplicable.\n<p><\/p>\n<\/li>\n<\/ul>\n<p><strong>PREPARACI\u00d3N DE LA SIGUIENTE DECLARACI\u00d3N DE ACCESIBILIDAD<\/strong><\/p>\n<p>La presente declaraci\u00f3n fue preparada el 20 de febrero de 2023.<\/p>\n<p>El m\u00e9todo empleado para preparar la declaraci\u00f3n ha sido una evaluaci\u00f3n manual llevada a cabo por AVANCEM AMB VOST\u00c8 S.L. (AVANNUBO).<\/p>\n<p>La Declaraci\u00f3n de Accesibilidad ha sido revisada y&nbsp;actualizada en febrero de 2023.<\/p>\n<p><strong>OBSERVACIONES Y DATOS DE CONTACTO<\/strong><\/p>\n<p><span style=\"font-style: inherit; font-weight: inherit; color: var(--ast-global-color-3);\">Puede realizar comunicaciones sobre requisitos de&nbsp;accesibilidad (art\u00edculo 10.2.a del RD 1112\/2018) como, por ejemplo:<\/span><\/p>\n<ul>\n<li>Informar sobre cualquier posible incumplimiento por parte de&nbsp;este sitio web.<\/li>\n<li>Transmitir otras dificultades de acceso al contenido.<\/li>\n<li>Formular cualquier otra consulta o sugerencia de mejora relativa a la accesibilidad del sitio web.<\/li>\n<\/ul>\n<p>A trav\u00e9s del formulario de contacto de este sitio web o a trav\u00e9s del n\u00famero de tel\u00e9fono (+34) 932 21 96 01.<\/p>\n<p>Puede presentar:<\/p>\n<ul>\n<li>Queja relativa al cumplimiento de los requisitos del RD<br>1112\/2018 o<\/li>\n<li>Solicitud de Informaci\u00f3n accesible relativa a:<\/li>\n<li>Contenidos que est\u00e1n excluidos del \u00e1mbito de aplicaci\u00f3n del RD 1112\/2018 seg\u00fan lo establecido por el art\u00edculo 3, apartado 4<\/li>\n<li>Contenidos que est\u00e1n exentos del cumplimiento de los requisitos de accesibilidad por imponer una carga desproporcionada.<\/li>\n<\/ul>\n<p>En la Solicitud de informaci\u00f3n accesible, se debe concretar, con toda claridad, los hechos, razones y petici\u00f3n que permitan constatar que se<br>trata de una solicitud razonable y leg\u00edtima.<\/p>\n<p>Las quejas y reclamaciones sobre informaci\u00f3n accesible se realizar\u00e1n a trav\u00e9s de la administraci\u00f3n, y ser\u00e1n recibidas y tratadas por<br>DISTRIBUCI\u00d3N Y ENVIOS JRG.<\/p>\n<p><strong><span style=\"font-style: inherit; color: var(--ast-global-color-3);\">PROCEDIMIENTO DE APLICACI\u00d3N<\/span><\/strong><\/p>\n<p>Si una vez realizada una solicitud de informaci\u00f3n accesible o queja, \u00e9sta hubiera sido desestimada, no se estuviera de acuerdo con la<br>decisi\u00f3n adoptada, o la respuesta no cumpliera los requisitos contemplados en el art\u00edculo 12.5, la persona interesada podr\u00e1 iniciar una reclamaci\u00f3n.<br>Igualmente se podr\u00e1 iniciar una reclamaci\u00f3n en el caso de que haya transcurrido el plazo de veinte d\u00edas h\u00e1biles sin haber obtenido respuesta.<\/p>\n<p>La reclamaci\u00f3n puede ser presentada trav\u00e9s de la Instancia Gen\u00e9rica de la Sede electr\u00f3nica del Ministerio de Asuntos Econ\u00f3micos y<br>Transformaci\u00f3n Digital, as\u00ed como en el resto de opciones recogidas en la Ley 39\/ 2015, de 1 de octubre, del Procedimiento Administrativo Com\u00fan de las Administraciones P\u00fablicas. Las reclamaciones ser\u00e1n recibidas y tratadas por la Subdirecci\u00f3n General de Inspecci\u00f3n de Servicios del Ministerio.<\/p>\n<p><strong>CONTENIDO OPCIONAL<\/strong><\/p>\n<p>Este portal est\u00e1 dise\u00f1ado para poder cambiar el tama\u00f1o del texto y el color, as\u00ed como el fondo de la p\u00e1gina mediante las opciones de<br>configuraci\u00f3n est\u00e1ndar de los navegadores.<\/p>\n<p>Si desea cambiar el tama\u00f1o de letra del texto en los principales navegadores gr\u00e1ficos utilice los siguientes men\u00fas:<\/p>\n<ul>\n<li>Internet Explorer, Mozilla y Firefox: Ver &gt; Tama\u00f1o del<br>texto<\/li>\n<li>Opera: Ver &gt; Zoom<\/li>\n<li>Safari: Ver &gt; Hacer el texto m\u00e1s grande<\/li>\n<li>Chrome: Controla la p\u00e1gina actual &gt; Tama\u00f1o del texto<\/li>\n<\/ul>\n<p>Para modificar el tama\u00f1o de todo en la p\u00e1gina:<\/p>\n<ul>\n<li>Ctrl + + para aumentarlo<\/li>\n<li>Ctrl + \u2013 para disminuirlo<\/li>\n<li>Ctrl + 0 restaura el tama\u00f1o original del texto<\/li>\n<\/ul>\n<p>Si lo que quiere es anular la hoja de estilos o modificar el color del texto, puede consultar la p\u00e1gina How to Change Text Size or Colors de la WAI, que se puede leer traducida al espa\u00f1ol en \u00bfC\u00f3mo cambiar el tama\u00f1o del texto o colores?<\/p>\t\t\t\t\t\t<\/div>\n\t\t\t\t<\/div>\n\t\t\t\t\t<\/div>\n\t\t<\/div>\n\t\t\t\t\t\t\t<\/div>\n\t\t<\/section>\n\t\t\t\t\t\t\t<\/div>\n\t\t","protected":false},"excerpt":{"rendered":"<p>Accessibilitat La present declaraci\u00f3 d&#8217;accessibilitat s&#8217;aplica al lloc web mensajerojrg.com: SITUACI\u00d3 DE COMPLIMENT Aquest lloc web \u00e9s parcialment conforme amb l&#8217;RD 1112\/2018 &nbsp; a causa de les excepcions i a la falta de conformitat dels aspectes que s&#8217;indiquen en el seg\u00fcent punt. CONTINGUT NO ACCESSIBLE El contingut que es recull a continuaci\u00f3 no \u00e9s accessible &hellip;<\/p>\n<p class=\"read-more\"> <a class=\"\" href=\"https:\/\/mensajerojrg.com\/ca\/accessibilitat\/\"> <span class=\"screen-reader-text\">Accessibilitat<\/span> Llegeix m\u00e9s &raquo;<\/a><\/p>\n","protected":false},"author":1,"featured_media":0,"parent":0,"menu_order":0,"comment_status":"closed","ping_status":"closed","template":"","meta":{"site-sidebar-layout":"no-sidebar","site-content-layout":"page-builder","ast-global-header-display":"","ast-banner-title-visibility":"","ast-main-header-display":"","ast-hfb-above-header-display":"","ast-hfb-below-header-display":"","ast-hfb-mobile-header-display":"","site-post-title":"disabled","ast-breadcrumbs-content":"","ast-featured-img":"","footer-sml-layout":"","theme-transparent-header-meta":"enabled","adv-header-id-meta":"","stick-header-meta":"","header-above-stick-meta":"","header-main-stick-meta":"","header-below-stick-meta":"","footnotes":""},"class_list":["post-893","page","type-page","status-publish","hentry"],"yoast_head":"<!-- This site is optimized with the Yoast SEO plugin v20.8 - https:\/\/yoast.com\/wordpress\/plugins\/seo\/ -->\n<title>Accessibilitat - Distribuci\u00f3n y Env\u00edos JRG<\/title>\n<meta name=\"robots\" content=\"index, follow, max-snippet:-1, max-image-preview:large, max-video-preview:-1\" \/>\n<link rel=\"canonical\" href=\"https:\/\/mensajerojrg.com\/ca\/accessibilitat\/\" \/>\n<meta property=\"og:locale\" content=\"ca_ES\" \/>\n<meta property=\"og:type\" content=\"article\" \/>\n<meta property=\"og:title\" content=\"Accessibilitat - Distribuci\u00f3n y Env\u00edos JRG\" \/>\n<meta property=\"og:description\" content=\"Accessibilitat La present declaraci\u00f3 d&#8217;accessibilitat s&#8217;aplica al lloc web mensajerojrg.com: SITUACI\u00d3 DE COMPLIMENT Aquest lloc web \u00e9s parcialment conforme amb l&#8217;RD 1112\/2018 &nbsp; a causa de les excepcions i a la falta de conformitat dels aspectes que s&#8217;indiquen en el seg\u00fcent punt. CONTINGUT NO ACCESSIBLE El contingut que es recull a continuaci\u00f3 no \u00e9s accessible &hellip; Accessibilitat Llegeix m\u00e9s &raquo;\" \/>\n<meta property=\"og:url\" content=\"https:\/\/mensajerojrg.com\/ca\/accessibilitat\/\" \/>\n<meta property=\"og:site_name\" content=\"Distribuci\u00f3n y Env\u00edos JRG\" \/>\n<meta property=\"article:modified_time\" content=\"2023-08-17T09:03:43+00:00\" \/>\n<meta name=\"twitter:card\" content=\"summary_large_image\" \/>\n<meta name=\"twitter:label1\" content=\"Temps estimat de lectura\" \/>\n\t<meta name=\"twitter:data1\" content=\"4 minuts\" \/>\n<script type=\"application\/ld+json\" class=\"yoast-schema-graph\">{\"@context\":\"https:\/\/schema.org\",\"@graph\":[{\"@type\":\"WebPage\",\"@id\":\"https:\/\/mensajerojrg.com\/ca\/accessibilitat\/\",\"url\":\"https:\/\/mensajerojrg.com\/ca\/accessibilitat\/\",\"name\":\"Accessibilitat - Distribuci\u00f3n y Env\u00edos JRG\",\"isPartOf\":{\"@id\":\"https:\/\/mensajerojrg.com\/#website\"},\"datePublished\":\"2023-06-13T09:25:59+00:00\",\"dateModified\":\"2023-08-17T09:03:43+00:00\",\"breadcrumb\":{\"@id\":\"https:\/\/mensajerojrg.com\/ca\/accessibilitat\/#breadcrumb\"},\"inLanguage\":\"ca\",\"potentialAction\":[{\"@type\":\"ReadAction\",\"target\":[\"https:\/\/mensajerojrg.com\/ca\/accessibilitat\/\"]}]},{\"@type\":\"BreadcrumbList\",\"@id\":\"https:\/\/mensajerojrg.com\/ca\/accessibilitat\/#breadcrumb\",\"itemListElement\":[{\"@type\":\"ListItem\",\"position\":1,\"name\":\"Portada\",\"item\":\"https:\/\/mensajerojrg.com\/ca\/\"},{\"@type\":\"ListItem\",\"position\":2,\"name\":\"Accessibilitat\"}]},{\"@type\":\"WebSite\",\"@id\":\"https:\/\/mensajerojrg.com\/#website\",\"url\":\"https:\/\/mensajerojrg.com\/\",\"name\":\"Distribuci\u00f3n y Env\u00edos JRG\",\"description\":\"\",\"publisher\":{\"@id\":\"https:\/\/mensajerojrg.com\/#organization\"},\"potentialAction\":[{\"@type\":\"SearchAction\",\"target\":{\"@type\":\"EntryPoint\",\"urlTemplate\":\"https:\/\/mensajerojrg.com\/?s={search_term_string}\"},\"query-input\":\"required name=search_term_string\"}],\"inLanguage\":\"ca\"},{\"@type\":\"Organization\",\"@id\":\"https:\/\/mensajerojrg.com\/#organization\",\"name\":\"Distribuci\u00f3n y Env\u00edos JRG\",\"url\":\"https:\/\/mensajerojrg.com\/\",\"logo\":{\"@type\":\"ImageObject\",\"inLanguage\":\"ca\",\"@id\":\"https:\/\/mensajerojrg.com\/#\/schema\/logo\/image\/\",\"url\":\"https:\/\/mensajerojrg.com\/wp-content\/uploads\/2020\/04\/JRG-logo.png\",\"contentUrl\":\"https:\/\/mensajerojrg.com\/wp-content\/uploads\/2020\/04\/JRG-logo.png\",\"width\":7613,\"height\":3120,\"caption\":\"Distribuci\u00f3n y Env\u00edos JRG\"},\"image\":{\"@id\":\"https:\/\/mensajerojrg.com\/#\/schema\/logo\/image\/\"}}]}<\/script>\n<!-- \/ Yoast SEO plugin. -->","yoast_head_json":{"title":"Accessibilitat - Distribuci\u00f3n y Env\u00edos JRG","robots":{"index":"index","follow":"follow","max-snippet":"max-snippet:-1","max-image-preview":"max-image-preview:large","max-video-preview":"max-video-preview:-1"},"canonical":"https:\/\/mensajerojrg.com\/ca\/accessibilitat\/","og_locale":"ca_ES","og_type":"article","og_title":"Accessibilitat - Distribuci\u00f3n y Env\u00edos JRG","og_description":"Accessibilitat La present declaraci\u00f3 d&#8217;accessibilitat s&#8217;aplica al lloc web mensajerojrg.com: SITUACI\u00d3 DE COMPLIMENT Aquest lloc web \u00e9s parcialment conforme amb l&#8217;RD 1112\/2018 &nbsp; a causa de les excepcions i a la falta de conformitat dels aspectes que s&#8217;indiquen en el seg\u00fcent punt. CONTINGUT NO ACCESSIBLE El contingut que es recull a continuaci\u00f3 no \u00e9s accessible &hellip; Accessibilitat Llegeix m\u00e9s &raquo;","og_url":"https:\/\/mensajerojrg.com\/ca\/accessibilitat\/","og_site_name":"Distribuci\u00f3n y Env\u00edos JRG","article_modified_time":"2023-08-17T09:03:43+00:00","twitter_card":"summary_large_image","twitter_misc":{"Temps estimat de lectura":"4 minuts"},"schema":{"@context":"https:\/\/schema.org","@graph":[{"@type":"WebPage","@id":"https:\/\/mensajerojrg.com\/ca\/accessibilitat\/","url":"https:\/\/mensajerojrg.com\/ca\/accessibilitat\/","name":"Accessibilitat - Distribuci\u00f3n y Env\u00edos JRG","isPartOf":{"@id":"https:\/\/mensajerojrg.com\/#website"},"datePublished":"2023-06-13T09:25:59+00:00","dateModified":"2023-08-17T09:03:43+00:00","breadcrumb":{"@id":"https:\/\/mensajerojrg.com\/ca\/accessibilitat\/#breadcrumb"},"inLanguage":"ca","potentialAction":[{"@type":"ReadAction","target":["https:\/\/mensajerojrg.com\/ca\/accessibilitat\/"]}]},{"@type":"BreadcrumbList","@id":"https:\/\/mensajerojrg.com\/ca\/accessibilitat\/#breadcrumb","itemListElement":[{"@type":"ListItem","position":1,"name":"Portada","item":"https:\/\/mensajerojrg.com\/ca\/"},{"@type":"ListItem","position":2,"name":"Accessibilitat"}]},{"@type":"WebSite","@id":"https:\/\/mensajerojrg.com\/#website","url":"https:\/\/mensajerojrg.com\/","name":"Distribuci\u00f3n y Env\u00edos JRG","description":"","publisher":{"@id":"https:\/\/mensajerojrg.com\/#organization"},"potentialAction":[{"@type":"SearchAction","target":{"@type":"EntryPoint","urlTemplate":"https:\/\/mensajerojrg.com\/?s={search_term_string}"},"query-input":"required name=search_term_string"}],"inLanguage":"ca"},{"@type":"Organization","@id":"https:\/\/mensajerojrg.com\/#organization","name":"Distribuci\u00f3n y Env\u00edos JRG","url":"https:\/\/mensajerojrg.com\/","logo":{"@type":"ImageObject","inLanguage":"ca","@id":"https:\/\/mensajerojrg.com\/#\/schema\/logo\/image\/","url":"https:\/\/mensajerojrg.com\/wp-content\/uploads\/2020\/04\/JRG-logo.png","contentUrl":"https:\/\/mensajerojrg.com\/wp-content\/uploads\/2020\/04\/JRG-logo.png","width":7613,"height":3120,"caption":"Distribuci\u00f3n y Env\u00edos JRG"},"image":{"@id":"https:\/\/mensajerojrg.com\/#\/schema\/logo\/image\/"}}]}},"_links":{"self":[{"href":"https:\/\/mensajerojrg.com\/ca\/wp-json\/wp\/v2\/pages\/893","targetHints":{"allow":["GET"]}}],"collection":[{"href":"https:\/\/mensajerojrg.com\/ca\/wp-json\/wp\/v2\/pages"}],"about":[{"href":"https:\/\/mensajerojrg.com\/ca\/wp-json\/wp\/v2\/types\/page"}],"author":[{"embeddable":true,"href":"https:\/\/mensajerojrg.com\/ca\/wp-json\/wp\/v2\/users\/1"}],"replies":[{"embeddable":true,"href":"https:\/\/mensajerojrg.com\/ca\/wp-json\/wp\/v2\/comments?post=893"}],"version-history":[{"count":1,"href":"https:\/\/mensajerojrg.com\/ca\/wp-json\/wp\/v2\/pages\/893\/revisions"}],"predecessor-version":[{"id":1010,"href":"https:\/\/mensajerojrg.com\/ca\/wp-json\/wp\/v2\/pages\/893\/revisions\/1010"}],"wp:attachment":[{"href":"https:\/\/mensajerojrg.com\/ca\/wp-json\/wp\/v2\/media?parent=893"}],"curies":[{"name":"wp","href":"https:\/\/api.w.org\/{rel}","templated":true}]}}